{"id":96069,"date":"2016-02-03T11:44:20","date_gmt":"2016-02-03T10:44:20","guid":{"rendered":"https:\/\/moramuzeum.hu\/hatartalan-regeszet-limitless-archeology\/"},"modified":"2024-03-12T13:09:22","modified_gmt":"2024-03-12T12:09:22","slug":"hatartalan-regeszet-limitless-archeology","status":"publish","type":"page","link":"https:\/\/moramuzeum.hu\/en\/hatartalan-regeszet-limitless-archeology\/","title":{"rendered":"Hat\u00e1rtalan R\u00e9g\u00e9szet (Limitless archeology)"},"content":{"rendered":"","protected":false},"excerpt":{"rendered":"","protected":false},"author":3,"featured_media":0,"parent":0,"menu_order":0,"comment_status":"closed","ping_status":"closed","template":"","meta":{"_price":"","_stock":"","_tribe_ticket_header":"","_tribe_default_ticket_provider":"","_tribe_ticket_capacity":"0","_ticket_start_date":"","_ticket_end_date":"","_tribe_ticket_show_description":"","_tribe_ticket_show_not_going":false,"_tribe_ticket_use_global_stock":"","_tribe_ticket_global_stock_level":"","_global_stock_mode":"","_global_stock_cap":"","_tribe_rsvp_for_event":"","_tribe_ticket_going_count":"","_tribe_ticket_not_going_count":"","_tribe_tickets_list":"[]","_tribe_ticket_has_attendee_info_fields":false,"footnotes":"","_tec_slr_enabled":"","_tec_slr_layout":""},"class_list":["post-96069","page","type-page","status-publish","hentry"],"ticketed":false,"_links":{"self":[{"href":"https:\/\/moramuzeum.hu\/en\/wp-json\/wp\/v2\/pages\/96069","targetHints":{"allow":["GET"]}}],"collection":[{"href":"https:\/\/moramuzeum.hu\/en\/wp-json\/wp\/v2\/pages"}],"about":[{"href":"https:\/\/moramuzeum.hu\/en\/wp-json\/wp\/v2\/types\/page"}],"author":[{"embeddable":true,"href":"https:\/\/moramuzeum.hu\/en\/wp-json\/wp\/v2\/users\/3"}],"replies":[{"embeddable":true,"href":"https:\/\/moramuzeum.hu\/en\/wp-json\/wp\/v2\/comments?post=96069"}],"version-history":[{"count":2,"href":"https:\/\/moramuzeum.hu\/en\/wp-json\/wp\/v2\/pages\/96069\/revisions"}],"predecessor-version":[{"id":102098,"href":"https:\/\/moramuzeum.hu\/en\/wp-json\/wp\/v2\/pages\/96069\/revisions\/102098"}],"wp:attachment":[{"href":"https:\/\/moramuzeum.hu\/en\/wp-json\/wp\/v2\/media?parent=96069"}],"curies":[{"name":"wp","href":"https:\/\/api.w.org\/{rel}","templated":true}]}}