{"id":96186,"date":"2014-01-09T17:08:46","date_gmt":"2014-01-09T16:08:46","guid":{"rendered":"https:\/\/moramuzeum.hu\/they-are-volunteers\/"},"modified":"2014-01-09T17:08:46","modified_gmt":"2014-01-09T16:08:46","slug":"they-are-volunteers","status":"publish","type":"page","link":"https:\/\/moramuzeum.hu\/en\/they-are-volunteers\/","title":{"rendered":"They are volunteers"},"content":{"rendered":"<p>MUSEUM OF OUR MEMORIES<\/p>\n<p><a href=\"http:\/\/moramuzeum.hu\/wp-content\/uploads\/2021\/05\/Cover2-eml%C3%A9keink-m%C3%BAzeuma.png\"><img fetchpriority=\"high\" decoding=\"async\" class=\"alignnone size-medium wp-image-23983\" alt=\"Cover2-eml\u00e9keink m\u00fazeuma\" src=\"http:\/\/moramuzeum.hu\/wp-content\/uploads\/2021\/05\/Cover2-eml%C3%A9keink-m%C3%BAzeuma-300x179.png\" width=\"300\" height=\"179\"><\/a><\/p>\n<p>The museum is a collection of objects and each object carries its own story.<\/p>\n<p>We also collect objects at home &#8211; objects that evoke memories of lived experiences and loved ones. The museum of our personal memories consists of these.<\/p>\n<p>As part of the <a href=\"https:\/\/kozossegekhete.hu\/\">Community Week,<\/a> we invited the volunteers of the M\u00f3ra Ferenc Museum in Szeged to a game, and some of the museum&#8217;s colleagues also joined the campaign. We asked them to choose from their own MEMORY museum the object whose story they would like to share in the form of a short film, so we can get a little insight into each other&#8217;s MEMORY museum.<\/p>\n<p>Csilla Szatm\u00e1ri Memorial Museum:<\/p>\n<p><a href=\"https:\/\/www.youtube.com\/watch?v=lyiK69fTjDc\">https:\/\/www.youtube.com\/watch?v=lyiK69fTjDc<\/a><\/p>\n<p>Szekeresn\u00e9 Nagyiv\u00e1n Aranka Museum Volunteer Memorial Museum:<\/p>\n<p><a href=\"https:\/\/www.youtube.com\/watch?v=2k1UuPRWz_w&amp;t=135s\">https:\/\/www.youtube.com\/watch?v=2k1UuPRWz_w&amp;t=135s<\/a><\/p>\n<p>G\u00e1born\u00e9 Tasn\u00e1di Museum Volunteer Memorial Museum:<\/p>\n<p><a href=\"https:\/\/www.youtube.com\/watch?v=9Ot3hh--Has\">https:\/\/www.youtube.com\/watch?v=9Ot3hh&#8211;Has<\/a><\/p>\n<p>Erzs\u00e9bet R\u00e1cz Museum Volunteer Memorial Museum:<\/p>\n<p><a href=\"https:\/\/www.youtube.com\/watch?v=kMDa8S5R2AI\">https:\/\/www.youtube.com\/watch?v=kMDa8S5R2AI<\/a><\/p>\n<p>Mariann \u00c1d\u00e1sz Memorial Museum:<\/p>\n<p><a href=\"https:\/\/www.youtube.com\/watch?v=7RhPOlQq8jg&amp;feature=youtu.be\">https:\/\/www.youtube.com\/watch?v=7RhPOlQq8jg&amp;feature=youtu.be<\/a><\/p>\n<p>&nbsp;<\/p>\n<p>&nbsp;<\/p>\n<p><a href=\"http:\/\/moramuzeum.hu\/wp-content\/uploads\/2021\/05\/Kozossegek_Hete_Logo_v5_clr-1.png\"><img decoding=\"async\" class=\"alignnone size-full wp-image-23981\" alt=\"Kozossegek_Hete_Logo_v5_clr (1)\" src=\"http:\/\/moramuzeum.hu\/wp-content\/uploads\/2021\/05\/Kozossegek_Hete_Logo_v5_clr-1.png\" width=\"262\" height=\"145\"><\/a><\/p>\n<p><a href=\"http:\/\/moramuzeum.hu\/wp-content\/uploads\/2014\/01\/M_zeumi_nk_ntesek_kar_csonyi_tal_lkoz_ja_171218.jpg\"><hr class=\"no_line\" style=\"margin: 0 auto 0px auto\"\/>\n<\/a><\/p>\n<p><b>Museum Volunteer Program<\/b><\/p>\n<p>In 2010, our museum launched a museum volunteer exhibition guide program (the first among rural museums in Hungary), which we repeated in 2011 and most recently in 2017. Our volunteers received training based on training for several weeks, where they acquired a wide range of knowledge about the museum, its operation, the methodology of exhibition management, and also comprehensively mastered the material and knowledge of the museum&#8217;s exhibitions.<\/p>\n<p>The museum volunteers help the museum in several areas, one of which is the guided tours for groups. During permanent and temporary exhibitions, we organize training sessions, which are held by exhibition curators and museum specialists, subject matter experts. At the same time, regarding many other areas of museum activity &#8211; organizing events, visitor information; museum pedagogy, organization and communication, research work \u2212 they are also enthusiastically and actively involved in museum life.<\/p>\n<p>We constantly try to maintain the community: we organize joint programs, club events, museum visits. We are currently in contact online through online clubs.<\/p>\n<p>You can inquire about museum volunteering with the museum volunteer coordinator Mariann \u00c1d\u00e1sz at the email address <a href=\"mailto:onkentes.mfm@gmail.com\">onkentes.mfm@gmail.com<\/a>.<\/p>\n<p>Photos from past years:<\/p>\n<p>Training guided tours<\/p>\n<p><a href=\"http:\/\/moramuzeum.hu\/wp-content\/uploads\/2014\/01\/K%C3%A9p_1.jpg\"><img decoding=\"async\" class=\"alignnone size-full wp-image-23411\" alt=\"K\u00e9p_1\" src=\"http:\/\/moramuzeum.hu\/wp-content\/uploads\/2014\/01\/K%C3%A9p_1.jpg\" width=\"1300\" height=\"975\"><\/a> <a href=\"http:\/\/moramuzeum.hu\/wp-content\/uploads\/2014\/01\/K%C3%A9p_2.jpg\"><img loading=\"lazy\" decoding=\"async\" class=\"alignnone size-full wp-image-23413\" alt=\"K\u00e9p_2\" src=\"http:\/\/moramuzeum.hu\/wp-content\/uploads\/2014\/01\/K%C3%A9p_2.jpg\" width=\"1471\" height=\"1104\"><\/a><\/p>\n<p>Our museum volunteers in action<\/p>\n<p><a href=\"http:\/\/moramuzeum.hu\/wp-content\/uploads\/2014\/01\/K%C3%A9p_3.jpg\"><img loading=\"lazy\" decoding=\"async\" class=\"alignnone size-full wp-image-23415\" alt=\"K\u00e9p_3\" src=\"http:\/\/moramuzeum.hu\/wp-content\/uploads\/2014\/01\/K%C3%A9p_3.jpg\" width=\"4320\" height=\"2880\"><\/a> <a href=\"http:\/\/moramuzeum.hu\/wp-content\/uploads\/2014\/01\/K%C3%A9p_4.jpg\"><img loading=\"lazy\" decoding=\"async\" class=\"alignnone size-full wp-image-23417\" alt=\"K\u00e9p_4\" src=\"http:\/\/moramuzeum.hu\/wp-content\/uploads\/2014\/01\/K%C3%A9p_4.jpg\" width=\"1400\" height=\"1049\"><\/a> <a href=\"http:\/\/moramuzeum.hu\/wp-content\/uploads\/2014\/01\/K%C3%A9p_5.jpg\"><img loading=\"lazy\" decoding=\"async\" class=\"alignnone size-full wp-image-23419\" alt=\"K\u00e9p_5\" src=\"http:\/\/moramuzeum.hu\/wp-content\/uploads\/2014\/01\/K%C3%A9p_5.jpg\" width=\"1394\" height=\"1044\"><\/a> <a href=\"http:\/\/moramuzeum.hu\/wp-content\/uploads\/2014\/01\/K%C3%A9p_6.jpg\"><img loading=\"lazy\" decoding=\"async\" class=\"alignnone size-full wp-image-23421\" alt=\"K\u00e9p_6\" src=\"http:\/\/moramuzeum.hu\/wp-content\/uploads\/2014\/01\/K%C3%A9p_6.jpg\" width=\"2048\" height=\"1536\"><\/a><\/p>\n<p>Museum volunteers visiting theater volunteers<\/p>\n<p><a href=\"http:\/\/moramuzeum.hu\/wp-content\/uploads\/2014\/01\/K%C3%A9p_7.jpg\"><img loading=\"lazy\" decoding=\"async\" class=\"alignnone size-full wp-image-23423\" alt=\"K\u00e9p_7\" src=\"http:\/\/moramuzeum.hu\/wp-content\/uploads\/2014\/01\/K%C3%A9p_7.jpg\" width=\"1395\" height=\"1046\"><\/a><\/p>\n<p><a href=\"http:\/\/moramuzeum.hu\/wp-content\/uploads\/2014\/01\/M_zeumi_nk_ntesek_kar_csonyi_tal_lkoz_ja_171218.jpg\"><hr class=\"no_line\" style=\"margin: 0 auto 0px auto\"\/>\n<img loading=\"lazy\" decoding=\"async\" class=\"alignnone size-full wp-image-16075\" alt=\"M_zeumi_nk_ntesek_kar_csonyi_tal_lkoz_ja_171218\" src=\"http:\/\/moramuzeum.hu\/wp-content\/uploads\/2014\/01\/M_zeumi_nk_ntesek_kar_csonyi_tal_lkoz_ja_171218.jpg\" width=\"1653\" height=\"2339\"><\/a><\/p>\n<p>&nbsp;<\/p>\n<hr class=\"no_line\" style=\"margin: 0 auto 0px auto\"\/>\n\n<p><span style=\"text-decoration: underline;\"><strong><span style=\"font-size: medium;\">The team was expanded with new volunteers<\/span><\/strong><\/span><\/p>\n<p><span style=\"font-size: medium;\">We hired forty volunteers at the Ferenc M\u00f3ra Museum on December 4, 2017.<\/span><\/p>\n<p><span style=\"font-size: medium;\">We would also like to thank our new volunteers for their enthusiasm, perseverance and dedication! We hope that we will have many, many shared experiences and successes at the Ferenc M\u00f3ra Museum!<\/span><\/p>\n<p><span style=\"font-size: medium;\">We also thank the organizers, mentors, lecturers and all helpers of the volunteer training for their work!<\/span><\/p>\n<p><a href=\"http:\/\/moramuzeum.hu\/wp-content\/uploads\/2014\/01\/M%C3%BAzeumi-%C3%B6nk%C3%A9ntesek-csoportk%C3%A9p.jpg\"><img loading=\"lazy\" decoding=\"async\" class=\"alignnone size-full wp-image-16083\" alt=\"Group photo of museum volunteers\" src=\"http:\/\/moramuzeum.hu\/wp-content\/uploads\/2014\/01\/M%C3%BAzeumi-%C3%B6nk%C3%A9ntesek-csoportk%C3%A9p.jpg\" width=\"2048\" height=\"1536\"><\/a><\/p>\n<p>&nbsp;<\/p>\n<hr class=\"no_line\" style=\"margin: 0 auto 0px auto\"\/>\n\n<p><span style=\"font-size: medium;\">Museum Volunteer Recruitment 2017<\/span><\/p>\n<p><span style=\"font-size: medium;\">Become a member of the M\u00f3ra Ferenc Museum volunteer team!<\/span><\/p>\n<p><span style=\"font-size: medium;\">The Ferenc M\u00f3ra Museum is looking for volunteers who, after preliminary preparation and an exam, will guide visitors through the permanent exhibitions as exhibition guides! <\/span><\/p>\n<p><span style=\"font-size: medium;\">We are looking for applications from people who are willing to devote their time to volunteering as members of the museum team, who are open to preparing for the museum&#8217;s exhibitions, and who want to continuously develop their exhibition management skills and new ideas!<\/span><\/p>\n<p><span style=\"font-size: medium;\"> Method to apply: <\/span><\/p>\n<p><span style=\"font-size: medium;\">&#8211; completed application form submitted by the deadline<\/span><br \/>\n<span style=\"font-size: medium;\">&#8211; resume and motivation letter<\/span><\/p>\n<p><span style=\"font-size: medium;\"> <\/span><\/p>\n<p><span style=\"font-size: medium;\">Conditions for becoming a volunteer: <\/span><br \/>\n<span style=\"font-size: medium;\">&#8211; 18 years of age<\/span><br \/>\n<span style=\"font-size: medium;\">&#8211; participation in preparatory sessions (theoretical and practical knowledge, 5 times)<\/span><br \/>\n<span style=\"font-size: medium;\">&#8211; successful test<\/span><\/p>\n<p><span style=\"font-size: medium;\">Time of the preparatory programs: September 13 &#8211; October 18, 2017. Once a week, Wednesday afternoon from 2 p.m.<\/span><\/p>\n<p><span style=\"font-size: medium;\"> <\/span><\/p>\n<p><span style=\"font-size: medium;\"><strong>Application deadline: August 20, 2017.<\/strong><\/span><\/p>\n<p><span style=\"font-size: medium;\">The application form can be downloaded from www.moramuzeum.hu\/onkentesek and can be picked up at the Museum&#8217;s cash desk. The application form can be submitted to the Museum&#8217;s cash desk, or it can be sent in electronic form to the e-mail address <a href=\"mailto:onkentes.mfm@gmail.com\">onkentes.mfm@gmail.com<\/a>.<\/span><\/p>\n<p><span style=\"font-size: medium;\">Contact and further information: 30\/3298173, <a href=\"mailto:onkentes.mfm@gmail.com\">onkentes.mfm@gmail.com<\/a><\/span><\/p>\n<p><span style=\"font-size: medium;\">The program is organized by the M\u00f3ra Ferenc Museum and the Talentum Foundation<\/span><\/p>\n<p>&nbsp;<\/p>\n<p><span style=\"font-size: medium;\">The application form can be downloaded from here:<span style=\"font-size: medium;\"><\/span><\/span><\/p>\n<p><span style=\"font-size: large;\"><strong><a href=\"http:\/\/moramuzeum.hu\/wp-content\/uploads\/2014\/01\/Jelentkez%C3%A9si-lap-2017.doc\">Volunteer application form 2017<\/a><\/strong><\/span><\/p>\n<p>&nbsp;<\/p>\n<p><span style=\"font-size: medium;\">Snapshots of the work of our volunteer curators:<\/span><\/p>\n<p><a href=\"http:\/\/moramuzeum.hu\/wp-content\/uploads\/2014\/01\/Koteczki-P-1..jpg\"><img loading=\"lazy\" decoding=\"async\" class=\"alignnone size-large wp-image-15015\" alt=\"Koteczki P 1.\" src=\"http:\/\/moramuzeum.hu\/wp-content\/uploads\/2014\/01\/Koteczki-P-1.-1024x768.jpg\" width=\"686\" height=\"514\"><\/a><\/p>\n<p><a href=\"http:\/\/moramuzeum.hu\/wp-content\/uploads\/2014\/01\/Hatvani-%C3%81gi-Pompeji-2.jpg\"><img loading=\"lazy\" decoding=\"async\" class=\"alignnone size-full wp-image-15011\" alt=\"Hatvani \u00c1gi Pompeji (2)\" src=\"http:\/\/moramuzeum.hu\/wp-content\/uploads\/2014\/01\/Hatvani-%C3%81gi-Pompeji-2.jpg\" width=\"640\" height=\"480\"><\/a> <a href=\"http:\/\/moramuzeum.hu\/wp-content\/uploads\/2014\/01\/Kolvalcsikn%C3%A9-Gizike-1.jpg\"><img loading=\"lazy\" decoding=\"async\" class=\"alignnone size-large wp-image-15013\" alt=\"Kolvalcsikn\u00e9 Gizike 1\" src=\"http:\/\/moramuzeum.hu\/wp-content\/uploads\/2014\/01\/Kolvalcsikn%C3%A9-Gizike-1-768x1024.jpg\" width=\"686\" height=\"914\"><\/a><\/p>\n<p>&nbsp;<\/p>\n<p><a href=\"http:\/\/moramuzeum.hu\/wp-content\/uploads\/2014\/01\/ONKENTESTOBORZO.jpg\"><img loading=\"lazy\" decoding=\"async\" class=\"alignnone size-large wp-image-15089\" alt=\"ONKENTESTOBORZO\" src=\"http:\/\/moramuzeum.hu\/wp-content\/uploads\/2014\/01\/ONKENTESTOBORZO-723x1024.jpg\" width=\"686\" height=\"971\"><\/a><\/p>\n<p>&nbsp;<\/p>\n","protected":false},"excerpt":{"rendered":"<p>MUSEUM OF OUR MEMORIES The museum is a collection of objects and each object carries its own story. We also collect objects at home &#8211; objects<span class=\"excerpt-hellip\"> [\u2026]<\/span><\/p>\n","protected":false},"author":3,"featured_media":0,"parent":0,"menu_order":0,"comment_status":"closed","ping_status":"closed","template":"g1_template_page_sidebar_right.php","meta":{"_price":"","_stock":"","_tribe_ticket_header":"","_tribe_default_ticket_provider":"","_tribe_ticket_capacity":"0","_ticket_start_date":"","_ticket_end_date":"","_tribe_ticket_show_description":"","_tribe_ticket_show_not_going":false,"_tribe_ticket_use_global_stock":"","_tribe_ticket_global_stock_level":"","_global_stock_mode":"","_global_stock_cap":"","_tribe_rsvp_for_event":"","_tribe_ticket_going_count":"","_tribe_ticket_not_going_count":"","_tribe_tickets_list":"[]","_tribe_ticket_has_attendee_info_fields":false,"footnotes":"","_tec_slr_enabled":"","_tec_slr_layout":""},"class_list":["post-96186","page","type-page","status-publish","hentry"],"ticketed":false,"_links":{"self":[{"href":"https:\/\/moramuzeum.hu\/en\/wp-json\/wp\/v2\/pages\/96186","targetHints":{"allow":["GET"]}}],"collection":[{"href":"https:\/\/moramuzeum.hu\/en\/wp-json\/wp\/v2\/pages"}],"about":[{"href":"https:\/\/moramuzeum.hu\/en\/wp-json\/wp\/v2\/types\/page"}],"author":[{"embeddable":true,"href":"https:\/\/moramuzeum.hu\/en\/wp-json\/wp\/v2\/users\/3"}],"replies":[{"embeddable":true,"href":"https:\/\/moramuzeum.hu\/en\/wp-json\/wp\/v2\/comments?post=96186"}],"version-history":[{"count":0,"href":"https:\/\/moramuzeum.hu\/en\/wp-json\/wp\/v2\/pages\/96186\/revisions"}],"wp:attachment":[{"href":"https:\/\/moramuzeum.hu\/en\/wp-json\/wp\/v2\/media?parent=96186"}],"curies":[{"name":"wp","href":"https:\/\/api.w.org\/{rel}","templated":true}]}}