{"id":96288,"date":"2015-10-15T15:30:37","date_gmt":"2015-10-15T13:30:37","guid":{"rendered":"https:\/\/moramuzeum.hu\/services\/services-related-to-archaeological-excavations\/"},"modified":"2023-11-30T15:25:03","modified_gmt":"2023-11-30T14:25:03","slug":"services-related-to-archaeological-excavations","status":"publish","type":"page","link":"https:\/\/moramuzeum.hu\/en\/services\/services-related-to-archaeological-excavations\/","title":{"rendered":"Services related to archaeological excavations"},"content":{"rendered":"\n<p><span style=\"color: #ff0000;\"><strong><span style=\"font-size: medium;\">Attention investors, builders, and those wishing to use archeology services!<\/span><\/strong><\/span><\/p>\n\n<p><span style=\"font-size: medium; color: #ff0000;\">Dear current and future customers!<\/span><\/p>\n\n<p><span style=\"font-size: medium; color: #ff0000;\">We would like to inform you that the buildings of the Ferenc M\u00f3ra Museum in 2023. from January 2, 2023. they are closed until March 6.<\/span><br\/><span style=\"font-size: medium; color: #ff0000;\">During this period, our project staff will work from home, the museum Secretariat and the Economic Office will move to a temporary location.<\/span><br\/><span style=\"font-size: medium; color: #ff0000;\">Therefore (for reasons beyond our control) the administration related to archeology services may\/will take longer than usual.<\/span><\/p>\n\n<p><span style=\"font-size: medium; color: #ff0000;\">We ask for your understanding and patience!<\/span><\/p>\n\n<p><span style=\"font-size: medium; color: #ff0000;\">Our contact details remain unchanged, you can still find us here.<\/span><\/p>\n\n<p><span style=\"font-size: medium; color: #ff0000;\">M\u00f3ra Ferenc Museum Archeology Department<\/span><span style=\"background-color: #ffffff; color: #ff0000;\"> <\/span><\/p>\n\n<p><strong>GEODESIC GROUP SERVICES<\/strong><\/p>\n\n<p><strong>Magnetometer survey<\/strong><br\/>A r\u00e9g\u00e9szeti lel\u0151helyek roncsol\u00e1smentes vizsg\u00e1lat\u00e1nak egyik v\u00e1ltozat\u00e1t jelenti a magnetom\u00e9teres felm\u00e9r\u00e9s. Az \u00e1sat\u00e1shoz k\u00e9pest relat\u00edv k\u00f6lts\u00e9g-, \u00e9s id\u0151hat\u00e9kony m\u00f3dszer seg\u00edts\u00e9g\u00e9vel egyes lel\u0151helyeken el\u0151fordul\u00f3 antropog\u00e9n hat\u00e1sok kimutathat\u00f3ak, \u00edgy a r\u00e9g\u00e9szeti lel\u0151helyek kiterjed\u00e9se, valamint intenzit\u00e1sa \u00e1sat\u00e1s el\u0151tt megalap\u00edthat\u00f3. A vizsg\u00e1lat tudom\u00e1nyos alapj\u00e1t az ny\u00fajtja, hogy a k\u00e9sz\u00fcl\u00e9k az antropog\u00e9n hat\u00e1sok elt\u00e9r\u0151 m\u00e1gneses adatainak az \u00e9rz\u00e9kel\u00e9s\u00e9re k\u00e9pes, mivel a k\u00f6rnyezethez k\u00e9pest, a r\u00e9g\u00e9szeti jelens\u00e9gek est\u00e9ben m\u00e1sfajta m\u00e1gneses adatok gy\u0171jthet\u0151k. \u00cdgy a ter\u00fcleten kimutathat\u00f3ak az egykor \u00e9lt emberek \u00e1ltal f\u00f6ldbe m\u00e9ly\u00edtett jelens\u00e9gek (h\u00e1zak, \u00e1rkok, g\u00f6dr\u00f6k, kemenc\u00e9k \u00e9s term\u00e9szetesen a s\u00edrok is). Term\u00e9szetesen ez a m\u00f3dszer sem helyettes\u00edti a felt\u00e1r\u00e1st, de \u00e1sat\u00e1s n\u00e9lk\u00fcl egy pontosabb k\u00e9pet lehet alkotni a vizsg\u00e1lt ter\u00fcleten a f\u00f6ld alatt l\u00e9v\u0151 r\u00e9g\u00e9szeti jelens\u00e9gekr\u0151l.<br\/>A magnetom\u00e9teres kutat\u00e1s terepbej\u00e1r\u00e1ssal kieg\u00e9sz\u00edtve pedig, kifejezetten pontos el\u0151rejelz\u00e9st tud adni egyes ter\u00fcletek r\u00e9g\u00e9szeti fedetts\u00e9g\u00e9r\u0151l \u00e9s intenzit\u00e1s\u00e1r\u00f3l.<\/p>\n\n<p><strong>Els\u0151dleges feldolgoz\u00e1s:<\/strong><br\/><strong>Geod\u00e9ziai \u00e9s t\u00e9rinformatikai feldolgoz\u00e1s<\/strong><br\/>A modern nagyfel\u00fclet\u0171 felt\u00e1r\u00e1sok megk\u00f6vetelik a r\u00e9g\u00e9szeti c\u00e9l\u00fa geod\u00e9zia alkalmaz\u00e1s\u00e1t, tov\u00e1bb\u00e1 mindez a r\u00e9g\u00e9szeti protokollok r\u00e9sz\u00e9v\u00e9 is v\u00e1lt az ut\u00f3bbi \u00e9vtizedben. A felt\u00e1r\u00e1sok sor\u00e1n a r\u00e9g\u00e9szeti objektumok \u00e9s egy\u00e9b jelens\u00e9gek, valamint a szelv\u00e9nyek t\u00e9rbeli r\u00f6gz\u00edt\u00e9se nagy pontoss\u00e1g\u00fa RTK GPS m\u0171szerrel t\u00f6rt\u00e9nik (aminek val\u00f3s idej\u0171 korrekci\u00f3j\u00e1t a F\u00f6ldm\u00e9r\u00e9si \u00e9s T\u00e1v\u00e9rz\u00e9kel\u00e9si Int\u00e9zet GPS h\u00e1l\u00f3zati szolg\u00e1ltat\u00e1sa biztos\u00edtja). Amennyiben bizonyos k\u00f6r\u00fclm\u00e9nyek miatt az RTK GPS nem haszn\u00e1lhat\u00f3 a r\u00e9g\u00e9szeti jelens\u00e9gek bem\u00e9r\u00e9s\u00e9hez, abban az estben m\u00e9r\u0151\u00e1llom\u00e1s haszn\u00e1lat\u00e1ra ker\u00fcl sor.<br\/>Term\u00e9szetesen a terepi adatgy\u0171jt\u00e9st k\u00f6vet\u0151en a r\u00e9g\u00e9szeti lel\u0151hely dokument\u00e1ci\u00f3j\u00e1nak adatb\u00e1zisba r\u00f6gz\u00edt\u00e9se is beletartozik a szolg\u00e1ltat\u00e1sban. Ez minden esetben az egys\u00e9ges dokument\u00e1ci\u00f3s protokoll elv\u00e1r\u00e1sainak megf\u00e9l\u0151en t\u00f6rt\u00e9nik, mind digit\u00e1lis, mind pedig nyomtatott verzi\u00f3ban. A feldolgoz\u00e1s els\u0151dlegesen CAD t\u00edpus szoftverben t\u00f6rt\u00e9nik, azonban ig\u00e9ny szerint a digit\u00e1lis \u00e1llom\u00e1nyok GIS szoftverben is elk\u00e9sz\u00edthet\u0151ek, konvert\u00e1lhat\u00f3ak.<\/p>\n\n<p>Munkat\u00e1rsaink: Czukor P\u00e9ter; N\u00e9meth D\u00e1niel; Zolt\u00e1n S\u00e1ndor P\u00e9ter<\/p>\n\n<p><strong>ARCHEOBOTANIKAI SZOLG\u00c1LTAT\u00c1SOK<\/strong><\/p>\n\n<p>Az \u00e9let nyomait \u0151rz\u0151 egykori telep\u00fcl\u00e9sek r\u00e9g\u00e9szeti felt\u00e1r\u00e1sa sor\u00e1n nem csak t\u00e1rgyi leletek (\u00e9p\u00fcletnyomok, cserepek, eszk\u00f6z\u00f6k) ker\u00fclnek napvil\u00e1gra, hanem az \u00e9letm\u00f3dr\u00f3l \u00e9s a sz\u0171kebb k\u00f6rnyezetr\u0151l \u00e1rulkod\u00f3 szerves maradv\u00e1nyok, un. k\u00f6rnyezeti leletek is. Az archaeobotanika vagy m\u00e1s n\u00e9ven r\u00e9g\u00e9szeti n\u00f6v\u00e9nytan, a n\u00f6v\u00e9nyi makrofosszili\u00e1k (magvak, term\u00e9se, egy\u00e9b szabad szemmel is l\u00e1that\u00f3 n\u00f6v\u00e9nyi r\u00e9szek) vizsg\u00e1lat\u00e1val foglalkoz\u00f3 tudom\u00e1ny\u00e1g.<br\/>A talajba ker\u00fclt makrofossz\u00edli\u00e1k sz\u00e1mos t\u00e9nyez\u0151 miatt k\u00fcl\u00f6nb\u00f6z\u0151 m\u00f3don fossz\u00edliz\u00e1l\u00f3dnak. Fennmarad\u00e1suk f\u00fcgg a maradv\u00e1nyok ellen\u00e1ll\u00f3 k\u00e9pess\u00e9g\u00e9t\u0151l, az egyes n\u00f6v\u00e9nyfajok maghozam\u00e1t\u00f3l, a term\u00e9s\/mag terjed\u00e9s\u00e9nek m\u00f3dj\u00e1t\u00f3l, konzerv\u00e1l\u00f3d\u00e1suk ok\u00e1t\u00f3l, a talaj t\u00edpus\u00e1t\u00f3l, vertik\u00e1lis elhelyezked\u00e9s\u00e9t\u0151l vagy a n\u00f6v\u00e9nylelet kor\u00e1t\u00f3l. A hazai \u00e9ghajlati viszonyok mellett leggyakrabban szen\u00fclt n\u00f6v\u00e9nymaradv\u00e1nyokkal tal\u00e1lkozunk, ezek legnagyobb r\u00e9sz\u00e9t a kult\u00farter\u00fcletek n\u00f6v\u00e9nyei (gabon\u00e1k \u00e9s azok gyomn\u00f6v\u00e9nyei) teszik ki, \u00e9s felhalmoz\u00f3d\u00e1suk els\u0151sorban emberi tev\u00e9kenys\u00e9ggel hozhat\u00f3 \u00f6sszef\u00fcgg\u00e9sbe. Az egykori veget\u00e1ci\u00f3 rekonstru\u00e1l\u00e1sa szempontj\u00e1b\u00f3l jelent\u0151sek a kutak, em\u00e9szt\u0151g\u00f6dr\u00f6k, \u00e1rkok v\u00edzzel tel\u00edtett r\u00e9tegei, melyek nagy gyakoris\u00e1ggal \u0151rzik meg az egykori term\u00e9szetes k\u00f6rnyezetb\u0151l beker\u00fcl\u0151 n\u00f6v\u00e9nyek diasp\u00f3r\u00e1it is. Az archaeobotanikai maradv\u00e1nyok egy m\u00e1sik csoportj\u00e1t alkotj\u00e1k az un. indirekt n\u00f6v\u00e9nyleletek, melyekkel paticsok, ker\u00e1mi\u00e1k lenyomataiban, z\u00e1rv\u00e1nyaiban fordulnak el\u0151.<\/p>\n\n<p>Az archaeobotanika kutat\u00e1s\u00e1nak legf\u0151bb ir\u00e1nyelve az egyes kult\u00far\u00e1k n\u00f6v\u00e9nyismerete \u00e9s a n\u00f6v\u00e9nytermeszt\u00e9s fejl\u0151d\u00e9se. Nyomon k\u00f6veti a kult\u00farn\u00f6v\u00e9nyek terjed\u00e9s\u00e9t, a gy\u0171jt\u00f6getett n\u00f6v\u00e9nyek szerep\u00e9t, azok v\u00e1ltoz\u00e1s\u00e1t a k\u00fcl\u00f6nb\u00f6z\u0151 r\u00e9g\u00e9szeti korokban, k\u00f6vetkeztet a t\u00e1pl\u00e1lkoz\u00e1si szok\u00e1sokra, az emberi k\u00f6z\u00f6ss\u00e9gek \u00e9letform\u00e1j\u00e1ra valamint k\u00eds\u00e9rletet tesz az egykori k\u00f6rnyezet rekonstrukci\u00f3j\u00e1ra is.<\/p>\n\n<p><strong>Service<\/strong><br\/>A n\u00f6v\u00e9nyi makrofossz\u00edli\u00e1k kinyer\u00e9se a f\u00f6ldmint\u00e1kb\u00f3l, flot\u00e1l\u00f3 berendez\u00e9ssel (2,5 \u00e9s 0,3 mm lyukb\u0151s\u00e9g\u0171 szit\u00e1k haszn\u00e1lat\u00e1val).<br\/>A flot\u00e1lt mint\u00e1k durva v\u00e1logat\u00e1sa, a szervetlen \u00e9s szerves maradv\u00e1nyok elk\u00fcl\u00f6n\u00edt\u00e9se.<br\/>A flot\u00e1lt mint\u00e1kban tal\u00e1lt magvak \u00e9s term\u00e9sek n\u00f6v\u00e9nyi taxonokra t\u00f6rt\u00e9n\u0151 v\u00e1logat\u00e1sa sztereo binokul\u00e1ris mikroszk\u00f3p alatt.<br\/>A kiv\u00e1logatott magvak \u00e9s term\u00e9sek fajokra t\u00f6rt\u00e9n\u0151 meghat\u00e1roz\u00e1sa \u00f6sszehasonl\u00edt\u00f3 mag- \u00e9s term\u00e9sgy\u0171jtem\u00e9ny, hat\u00e1roz\u00f3k\u00f6nyvek \u00e9s cikkek felhaszn\u00e1l\u00e1s\u00e1val.<br\/>A meghat\u00e1rozott magvak \u00e9s term\u00e9sek csomagol\u00e1sa.<br\/>A jelent\u0151sebbnek \u00edt\u00e9lt magvakr\u00f3l\/term\u00e9sekr\u0151l digit\u00e1lis felv\u00e9telek k\u00e9sz\u00edt\u00e9se.<br\/>A kimutatott n\u00f6v\u00e9nyfajok kvantitat\u00edv \u00e9s kvalitat\u00edv \u00e9rt\u00e9kel\u00e9se, k\u00f6vetkeztet\u00e9sek levon\u00e1sa a lel\u0151hely gazd\u00e1lkod\u00e1s\u00e1ra (termesztett n\u00f6v\u00e9nyek, gyomn\u00f6v\u00e9nyek, ruder\u00e1li\u00e1k) \u00e9s az egykori term\u00e9szeti k\u00f6rnyezetre vonatkoz\u00f3an.<\/p>\n\n<p>Munkat\u00e1rsunk: Torma Andrea &#8211; archeobotanikus<\/p>\n\n<p class=\"has-text-align-left\"><strong>RESTORATION<\/strong><\/p>\n\n<p class=\"has-text-align-left\"><b>Cleaning, conservation and restoration of found materials and artefacts for institutions, companies and individuals<\/b><\/p>\n\n<p>The M\u00f3ra Ferenc Museum accepts companies, individuals, private collectors, among you, institutions, ethnographic, historical, fine arts, archaeological objects, collectibles, works of art and unique pieces, etc. cleaning, conservation and restoration.<\/p>\n\n<p>The museum has a team of qualified, certified professionals with decades of experience. This personnel ensures the operation of the nearly 300-square-meter restoration center built on the museum&#8217;s 4,000-square-meter warehouse base built in 2010, and provides a suitable framework and technical background for ceramics, porcelain, glass, paper, metal, paintings, picture frames, etc. for its professional cleaning, conservation and restoration. The washing and acidizing room with a floor area of \u200b\u200bnearly 40 m<sup>2<\/sup>, as well as the central restoration laboratory of 70 square meters allows for the cleaning, sorting, and gluing of large quantities of archaeological finds (ceramics, bones, etc.), the smaller laboratories are suitable for different materials &#8211; archaeological metals, unique pieces, etc. \u2013 for the restoration of works of art.<\/p>\n\n<p><i>Our main technical tools and equipment:<br\/><\/i><\/p>\n\n<p>&#8211; Technical hanging motors with whips (suitable for efficient cleaning of large quantities of finds)<\/p>\n\n<p>&#8211; Manual &#8211; laboratory micromotors (suitable for fine, precision cleaning)<\/p>\n\n<p>&#8211; Ultrasonic depurators suitable for dry and wet cleaning, which serve to remove stubborn dirt and corrosion products<\/p>\n\n<p>&#8211; Ultrasonic cleaning equipment (uses the effective cleaning of hard-to-reach or inaccessible parts of objects using ultrasound)<\/p>\n\n<p>&#8211; Drying and vacuum cabinets (with the help of the devices, we can preserve the objects not only on the surface, but also in their entire cross-section, so we can provide more effective protection against human and airborne pollutants of the environment)<\/p>\n\n<p>&#8211; Granule spreading equipment (we can effectively remove stubborn dirt by using 60 and 250 micron grain size spreading material)<\/p>\n\n<p>&#8211; The special water network of the restoration labs is connected to water softening, iron removal and dechlorination equipment, so the objects do not come into contact with tap water that is harmful to the artefacts.<\/p>\n\n<p>&#8211; All of the restoration labs are equipped with microscopes, which are essential for cleaning minute details. The digital camera that can be connected to the microscope is suitable for creating photo documentation.<\/p>\n\n<p>&#8211; In addition to mains and mobile extractors, the restoration center also has a high-performance extractor with a 3-meter arm, under which we have the opportunity to clean and preserve larger objects (e.g. chests, chests of drawers, etc.)<\/p>\n","protected":false},"excerpt":{"rendered":"<p>Attention investors, builders, and those wishing to use archeology services! Dear current and future customers! We would like to inform you that the buildings of the<span class=\"excerpt-hellip\"> [\u2026]<\/span><\/p>\n","protected":false},"author":3,"featured_media":0,"parent":96279,"menu_order":0,"comment_status":"closed","ping_status":"closed","template":"","meta":{"_price":"","_stock":"","_tribe_ticket_header":"","_tribe_default_ticket_provider":"","_tribe_ticket_capacity":"0","_ticket_start_date":"","_ticket_end_date":"","_tribe_ticket_show_description":"","_tribe_ticket_show_not_going":false,"_tribe_ticket_use_global_stock":"","_tribe_ticket_global_stock_level":"","_global_stock_mode":"","_global_stock_cap":"","_tribe_rsvp_for_event":"","_tribe_ticket_going_count":"","_tribe_ticket_not_going_count":"","_tribe_tickets_list":"[]","_tribe_ticket_has_attendee_info_fields":false,"footnotes":"","_tec_slr_enabled":"","_tec_slr_layout":""},"class_list":["post-96288","page","type-page","status-publish","hentry"],"ticketed":false,"_links":{"self":[{"href":"https:\/\/moramuzeum.hu\/en\/wp-json\/wp\/v2\/pages\/96288","targetHints":{"allow":["GET"]}}],"collection":[{"href":"https:\/\/moramuzeum.hu\/en\/wp-json\/wp\/v2\/pages"}],"about":[{"href":"https:\/\/moramuzeum.hu\/en\/wp-json\/wp\/v2\/types\/page"}],"author":[{"embeddable":true,"href":"https:\/\/moramuzeum.hu\/en\/wp-json\/wp\/v2\/users\/3"}],"replies":[{"embeddable":true,"href":"https:\/\/moramuzeum.hu\/en\/wp-json\/wp\/v2\/comments?post=96288"}],"version-history":[{"count":1,"href":"https:\/\/moramuzeum.hu\/en\/wp-json\/wp\/v2\/pages\/96288\/revisions"}],"predecessor-version":[{"id":96291,"href":"https:\/\/moramuzeum.hu\/en\/wp-json\/wp\/v2\/pages\/96288\/revisions\/96291"}],"up":[{"embeddable":true,"href":"https:\/\/moramuzeum.hu\/en\/wp-json\/wp\/v2\/pages\/96279"}],"wp:attachment":[{"href":"https:\/\/moramuzeum.hu\/en\/wp-json\/wp\/v2\/media?parent=96288"}],"curies":[{"name":"wp","href":"https:\/\/api.w.org\/{rel}","templated":true}]}}