{"id":96300,"date":"2014-02-11T14:29:42","date_gmt":"2014-02-11T13:29:42","guid":{"rendered":"https:\/\/moramuzeum.hu\/services\/audio-guide\/"},"modified":"2025-01-20T11:00:15","modified_gmt":"2025-01-20T10:00:15","slug":"audio-guide","status":"publish","type":"page","link":"https:\/\/moramuzeum.hu\/en\/services\/audio-guide\/","title":{"rendered":"Audio Guide"},"content":{"rendered":"\n<figure class=\"wp-block-image\"><a href=\"http:\/\/moramuzeum.hu\/wp-content\/uploads\/2021\/07\/audioguide-1..jpg\"><img decoding=\"async\" src=\"http:\/\/moramuzeum.hu\/wp-content\/uploads\/2021\/07\/audioguide-1..jpg\" alt=\"audioguide-1.\" class=\"wp-image-24559\"\/><\/a><\/figure>\n\n<p><span style=\"font-size: large;\">Audio Guide service in our new permanent exhibitions<\/span><\/p>\n\n<p><span style=\"font-size: large;\">Our visitors can use the <strong>Audio Guide<\/strong> service, as well as the <strong>accessible<\/strong> (audio-narrated) <strong>Audio Guide<\/strong> service for the visually impaired, in the literary permanent exhibitions entitled <strong>&#8220;M\u00f3ra Rengeteg &#8211; A z\u00f6ld M\u00f3ra&#8221;<\/strong> and &#8220;<strong>Our River and its Land&#8221;<\/strong> in the <strong>M\u00f3ra Ferenc Museum<\/strong>, as well as in the It can be seen in the permanent local history exhibition &#8220;<strong>Travel to the Past<\/strong>&#8221; in the <strong>Castle and Stone<\/strong> Museum.<\/span><\/p>\n\n<p><span style=\"font-size: large;\">The Audio Guide is a service that can be downloaded to a mobile phone, and you can learn about its use with the help of the short film on the link below:<\/span><\/p>\n\n<p><span style=\"font-size: large;\"><a href=\"https:\/\/www.youtube.com\/watch?v=lAqR2-iPSp0&amp;feature=youtu.be\">Manage Audio Guide<\/a><\/span><\/p>\n\n<p><span style=\"font-size: large;\">To use the service, it is recommended to use your own mobile device and your own headphones.<\/span><\/p>\n\n<p><span style=\"font-size: large;\"> <\/span><\/p>\n","protected":false},"excerpt":{"rendered":"<p>Audio Guide service in our new permanent exhibitions Our visitors can use the Audio Guide service, as well as the accessible (audio-narrated) Audio Guide service for<span class=\"excerpt-hellip\"> [\u2026]<\/span><\/p>\n","protected":false},"author":3,"featured_media":0,"parent":96279,"menu_order":2,"comment_status":"closed","ping_status":"closed","template":"","meta":{"_price":"","_stock":"","_tribe_ticket_header":"","_tribe_default_ticket_provider":"","_tribe_ticket_capacity":"0","_ticket_start_date":"","_ticket_end_date":"","_tribe_ticket_show_description":"","_tribe_ticket_show_not_going":false,"_tribe_ticket_use_global_stock":"","_tribe_ticket_global_stock_level":"","_global_stock_mode":"","_global_stock_cap":"","_tribe_rsvp_for_event":"","_tribe_ticket_going_count":"","_tribe_ticket_not_going_count":"","_tribe_tickets_list":"[]","_tribe_ticket_has_attendee_info_fields":false,"footnotes":"","_tec_slr_enabled":"","_tec_slr_layout":""},"class_list":["post-96300","page","type-page","status-publish","hentry"],"ticketed":false,"_links":{"self":[{"href":"https:\/\/moramuzeum.hu\/en\/wp-json\/wp\/v2\/pages\/96300","targetHints":{"allow":["GET"]}}],"collection":[{"href":"https:\/\/moramuzeum.hu\/en\/wp-json\/wp\/v2\/pages"}],"about":[{"href":"https:\/\/moramuzeum.hu\/en\/wp-json\/wp\/v2\/types\/page"}],"author":[{"embeddable":true,"href":"https:\/\/moramuzeum.hu\/en\/wp-json\/wp\/v2\/users\/3"}],"replies":[{"embeddable":true,"href":"https:\/\/moramuzeum.hu\/en\/wp-json\/wp\/v2\/comments?post=96300"}],"version-history":[{"count":5,"href":"https:\/\/moramuzeum.hu\/en\/wp-json\/wp\/v2\/pages\/96300\/revisions"}],"predecessor-version":[{"id":96537,"href":"https:\/\/moramuzeum.hu\/en\/wp-json\/wp\/v2\/pages\/96300\/revisions\/96537"}],"up":[{"embeddable":true,"href":"https:\/\/moramuzeum.hu\/en\/wp-json\/wp\/v2\/pages\/96279"}],"wp:attachment":[{"href":"https:\/\/moramuzeum.hu\/en\/wp-json\/wp\/v2\/media?parent=96300"}],"curies":[{"name":"wp","href":"https:\/\/api.w.org\/{rel}","templated":true}]}}