{"id":96615,"date":"2015-06-30T10:23:43","date_gmt":"2015-06-30T08:23:43","guid":{"rendered":"https:\/\/moramuzeum.hu\/services\/research-service\/"},"modified":"2024-02-05T14:58:14","modified_gmt":"2024-02-05T13:58:14","slug":"research-service","status":"publish","type":"page","link":"https:\/\/moramuzeum.hu\/en\/services\/research-service\/","title":{"rendered":"Research service"},"content":{"rendered":"\n<p><span style=\"font-size: large;\">The M\u00f3ra Ferenc Museum provides the opportunity for research in its artefact collections and archives, in accordance with the provisions of the institution&#8217;s Research Regulations.<\/span><\/p>\n\n<p><span style=\"font-size: large;\">Research in our collections is subject to permission, which must be requested in writing in advance by filling out the permission request form that can be downloaded here. The research is authorized by the director of the museum, taking into account the proposal of the head of department responsible for the relevant collection. The application can be submitted in person, by post or electronically with the assistance of the museologist performing the research service. The Research License is valid together with the attached Researcher&#8217;s Declaration.<\/span><br\/><span style=\"font-size: large;\"> The research service can be used with a valid permit at a previously agreed time.<\/span><br\/><span style=\"font-size: large;\"> The contact information of museologists performing research services:<\/span><\/p>\n\n<p><span style=\"font-size: large;\"><strong>Archaeological Collection and Database<\/strong><\/span><br\/><span style=\"font-size: large;\"> Dr. Horv\u00e1th Andrea<\/span><br\/><span style=\"font-size: large;\">62 549 040; <\/span><span style=\"font-size: large;\"><a href=\"mailto:mfm.regeszeti.osztaly@gmail.com\">mfm.regeszeti.osztaly@gmail.com<\/a><\/span><\/p>\n\n<p><span style=\"font-size: large;\"><strong>Historical, Applied Arts and Public Administration History Collection and Database<\/strong><\/span><br\/><span style=\"font-size: large;\"> Dr. T\u00f3th Istv\u00e1n PhD.<\/span><br\/> <span style=\"font-size: large;\">historian, head of department, chief museologist 62 549 040\/144 <\/span><span style=\"font-size: large;\"><a href=\"mailto:gtothis@t-online.hu\">gtothis@t-online.hu<\/a><\/span><\/p>\n\n<p><span style=\"font-size: large;\"><strong>Literary History Collection<\/strong><\/span><br\/><span style=\"font-size: large;\"> Dr. Kov\u00e1cs \u2013Krass\u00f3i Anik\u00f3 PhD<\/span><br\/><span style=\"font-size: large;\"> museologist, museum teacher 62 549 040\/121 <a href=\"mailto:krassoi.aniko@gmail.com\">krassoi.aniko@gmail.com<\/a><\/span><\/p>\n\n<p><span style=\"font-size: large;\"><strong>Historical Photo Collection<\/strong><\/span><br\/><span style=\"font-size: large;\"> S\u00f3lyom P\u00e9ter<\/span><br\/><span style=\"font-size: large;\"> collection manager 62 549 040\/136 <a href=\"mailto:solyom.peter@mfm.u-szeged.hu\">solyom.peter@mfm.u-szeged.hu<\/a><\/span><\/p>\n\n<p><span style=\"font-size: large;\"><strong>Medal Collection<\/strong><\/span><br\/><span style=\"font-size: large;\"> Ujsz\u00e1szi R\u00f3bert<\/span><br\/><span style=\"font-size: large;\"> numismatic 62 549 040\/149 <a href=\"mailto:ujszaszi@gmail.com\">ujszaszi@gmail.com<\/a><\/span><\/p>\n\n<p><span style=\"font-size: large;\"><strong>Fine Arts Collection<\/strong><\/span><br\/><span style=\"font-size: large;\"> Magyar Andr\u00e1s<\/span><br\/><span style=\"font-size: large;\"> collection manager 62 549 040\/119 <a href=\"mailto:a_magyar@mfm.u-szeged.hu\">a_magyar@mfm.u-szeged.hu<\/a><\/span><\/p>\n\n<p><span style=\"font-size: large;\"><strong>Ethnographic Collection<\/strong><\/span><br\/><span style=\"font-size: large;\"> Tuesday, Wednesday: from 13:00 to 16:00<\/span><br\/><span style=\"font-size: large;\"> Dr. B\u00e1rk\u00e1nyi Ildik\u00f3 PhD.<\/span><br\/><span style=\"font-size: large;\"> ethnographer, head of department, chief museologist 62 549 040\/137 <a href=\"mailto:barkanyi.ildiko@gmail.com\">barkanyi.ildiko@gmail.com<\/a><\/span><\/p>\n\n<p><span style=\"font-size: large;\"><strong>Ethnographic Database and Photo Collection<\/strong><\/span><br\/><span style=\"font-size: large;\"> Thursday: from 13:00 to 16:00<\/span><br\/><span style=\"font-size: large;\">Tak\u00e1cs Gergely<\/span><br\/><span style=\"font-size: large;\">museologist, 62 &#8211; 549 040\/ 141, <a href=\"mailto:takacs.gergely88@gmail.com\" target=\"_blank\" rel=\"noopener\">takacs.gergely88@gmail.com<\/a><\/span><\/p>\n\n<p><span style=\"font-size: large;\"><strong>Bequest of S\u00e1ndor B\u00e1lint &#8211; Special collection<\/strong><\/span><br\/><span style=\"font-size: large;\"> Dr. Fodor Ferenc PhD.<\/span><br\/><span style=\"font-size: large;\"> ethnographer, chief museologist 62 549 040\/147 <a href=\"mailto:f_fodor@mfm.u-szeged.hu\">f_fodor@mfm.u-szeged.hu<\/a><\/span><\/p>\n\n<p><span style=\"font-size: large;\"><strong>Natural Science Collection<\/strong><\/span><br\/><span style=\"font-size: large;\"> Fegyvernekin\u00e9 B\u00e1lint M\u00e1rta<\/span><br\/><span style=\"font-size: large;\"> head of department, museologist 62 549 040<\/span><span style=\"font-size: large;\"><strong> <\/strong><\/span><\/p>\n\n<p><span style=\"font-size: large;\">During the research, the use of self-owned, low-resolution image and sound recording devices (mobile phones, digital cameras) that assist the research work is possible with a photo ticket, which can be requested from the museologist performing the research service. The completed photo ticket must be presented at the visitor&#8217;s ticket office and the fee must be paid. The researcher becomes entitled to use her\/his own devices after presenting the phototicket and the proof of payment together. Making copies and recordings of a quality suitable for further use can only be requested if a separate usage contract is concluded.<\/span><\/p>\n\n<p><span style=\"font-size: large;\">Downloadable documents:<\/span><\/p>\n\n<p><span style=\"font-size: large;\"><a href=\"http:\/\/moramuzeum.hu\/wp-content\/uploads\/2015\/06\/szabalyzat-kutatasi-2016.pdf\">regulation research 2016<\/a><\/span><\/p>\n\n<p><span style=\"font-size: large;\"><a href=\"http:\/\/moramuzeum.hu\/wp-content\/uploads\/2015\/06\/kutat%C3%A1si-enged%C3%A9ly.pdf\">research permit<\/a><\/span><\/p>\n\n<p><span style=\"font-size: large;\">Information about borrowing artworks and photo usage:<\/span><\/p>\n\n<p><a href=\"https:\/\/moramuzeum.hu\/en\/services\/96621-2\/\">https:\/\/moramuzeum.hu\/szolgaltatasok\/mutargykolcsonzes-2\/<\/a><\/p>\n","protected":false},"excerpt":{"rendered":"<p>The M\u00f3ra Ferenc Museum provides the opportunity for research in its artefact collections and archives, in accordance with the provisions of the institution&#8217;s Research Regulations. Research<span class=\"excerpt-hellip\"> [\u2026]<\/span><\/p>\n","protected":false},"author":3,"featured_media":0,"parent":96279,"menu_order":6,"comment_status":"closed","ping_status":"closed","template":"","meta":{"_price":"","_stock":"","_tribe_ticket_header":"","_tribe_default_ticket_provider":"","_tribe_ticket_capacity":"0","_ticket_start_date":"","_ticket_end_date":"","_tribe_ticket_show_description":"","_tribe_ticket_show_not_going":false,"_tribe_ticket_use_global_stock":"","_tribe_ticket_global_stock_level":"","_global_stock_mode":"","_global_stock_cap":"","_tribe_rsvp_for_event":"","_tribe_ticket_going_count":"","_tribe_ticket_not_going_count":"","_tribe_tickets_list":"[]","_tribe_ticket_has_attendee_info_fields":false,"footnotes":"","_tec_slr_enabled":"","_tec_slr_layout":""},"class_list":["post-96615","page","type-page","status-publish","hentry"],"ticketed":false,"_links":{"self":[{"href":"https:\/\/moramuzeum.hu\/en\/wp-json\/wp\/v2\/pages\/96615","targetHints":{"allow":["GET"]}}],"collection":[{"href":"https:\/\/moramuzeum.hu\/en\/wp-json\/wp\/v2\/pages"}],"about":[{"href":"https:\/\/moramuzeum.hu\/en\/wp-json\/wp\/v2\/types\/page"}],"author":[{"embeddable":true,"href":"https:\/\/moramuzeum.hu\/en\/wp-json\/wp\/v2\/users\/3"}],"replies":[{"embeddable":true,"href":"https:\/\/moramuzeum.hu\/en\/wp-json\/wp\/v2\/comments?post=96615"}],"version-history":[{"count":2,"href":"https:\/\/moramuzeum.hu\/en\/wp-json\/wp\/v2\/pages\/96615\/revisions"}],"predecessor-version":[{"id":103868,"href":"https:\/\/moramuzeum.hu\/en\/wp-json\/wp\/v2\/pages\/96615\/revisions\/103868"}],"up":[{"embeddable":true,"href":"https:\/\/moramuzeum.hu\/en\/wp-json\/wp\/v2\/pages\/96279"}],"wp:attachment":[{"href":"https:\/\/moramuzeum.hu\/en\/wp-json\/wp\/v2\/media?parent=96615"}],"curies":[{"name":"wp","href":"https:\/\/api.w.org\/{rel}","templated":true}]}}