{"id":96672,"date":"2014-02-11T17:25:19","date_gmt":"2014-02-11T16:25:19","guid":{"rendered":"https:\/\/moramuzeum.hu\/services\/library\/our-publications\/"},"modified":"2023-12-18T15:23:41","modified_gmt":"2023-12-18T14:23:41","slug":"our-publications","status":"publish","type":"page","link":"https:\/\/moramuzeum.hu\/en\/services\/library\/our-publications\/","title":{"rendered":"Our publications"},"content":{"rendered":"<div>\n<h3>Yearbook of the M\u00f3ra Ferenc Museum<\/h3>\n<p align=\"justify\">Ethnographic studies &#8211; Studia Etnographica 7.<\/p>\n<\/div>\n<div>\n<table border=\"0\" frame=\"vsides\">\n<tbody>\n<tr>\n<td><img fetchpriority=\"high\" decoding=\"async\" alt=\"\" src=\"http:\/\/moramuzeum.hu\/wp-content\/uploads\/2011\/08\/images_kiadvanyaink_st_01.jpg\" width=\"545\" height=\"771\"><\/td>\n<td><img decoding=\"async\" alt=\"\" src=\"http:\/\/moramuzeum.hu\/wp-content\/uploads\/2011\/08\/images_kiadvanyaink_st_02.jpg\" width=\"545\" height=\"769\"><\/td>\n<\/tr>\n<tr>\n<td><img decoding=\"async\" alt=\"\" src=\"http:\/\/moramuzeum.hu\/wp-content\/uploads\/2011\/08\/images_kiadvanyaink_st_03.jpg\" width=\"575\" height=\"805\"><\/td>\n<td><img loading=\"lazy\" decoding=\"async\" alt=\"\" src=\"http:\/\/moramuzeum.hu\/wp-content\/uploads\/2011\/08\/images_kiadvanyaink_st_04.jpg\" width=\"574\" height=\"803\"><\/td>\n<\/tr>\n<\/tbody>\n<\/table>\n<hr class=\"no_line\" style=\"margin: 0 auto 0px auto\"\/>\n\n<h3>Yearbook of the M\u00f3ra Ferenc Museum<\/h3>\n<p align=\"justify\">Historical studies &#8211; Studia Historica 13.<\/p>\n<p align=\"center\"><a title=\"Historical studies - Studia Historica 13. - Yearbook of the M\u00f3ra Ferenc Museum\" href=\"http:\/\/moramuzeum.hu\/wp-content\/uploads\/2011\/08\/images_kiadvanyaink_studia-historcia-13-1-b.jpg\" target=\"_blank\" rel=\"noopener\"><img loading=\"lazy\" decoding=\"async\" alt=\"Historical studies - Studia Historica 13. - Yearbook of the M\u00f3ra Ferenc Museum\" src=\"http:\/\/moramuzeum.hu\/wp-content\/uploads\/2011\/08\/images_kiadvanyaink_studia-historcia-13-1-n.jpg\" width=\"209\" height=\"300\" border=\"0\" hspace=\"5\"><\/a><a title=\"Historical studies - Studia Historica 13. - Yearbook of the M\u00f3ra Ferenc Museum\" href=\"http:\/\/moramuzeum.hu\/wp-content\/uploads\/2011\/08\/images_kiadvanyaink_studia-historcia-13-2-b.jpg\" target=\"_blank\" rel=\"noopener\"><img loading=\"lazy\" decoding=\"async\" alt=\"Historical studies - Studia Historica 13. - Yearbook of the M\u00f3ra Ferenc Museum\" src=\"http:\/\/moramuzeum.hu\/wp-content\/uploads\/2011\/08\/images_kiadvanyaink_studia-historcia-13-2-n.jpg\" width=\"201\" height=\"300\" border=\"0\" hspace=\"5\"><\/a><\/p>\n<p align=\"center\"><a title=\"Historical studies - Studia Historica 13. - Yearbook of the M\u00f3ra Ferenc Museum\" href=\"http:\/\/moramuzeum.hu\/wp-content\/uploads\/2011\/08\/images_kiadvanyaink_studia-historcia-13-3-b.jpg\" target=\"_blank\" rel=\"noopener\"><img loading=\"lazy\" decoding=\"async\" alt=\"Historical studies - Studia Historica 13. - Yearbook of the M\u00f3ra Ferenc Museum\" src=\"http:\/\/moramuzeum.hu\/wp-content\/uploads\/2011\/08\/images_kiadvanyaink_studia-historcia-13-3-n.jpg\" width=\"193\" height=\"300\" border=\"0\"><\/a><\/p>\n<hr class=\"no_line\" style=\"margin: 0 auto 0px auto\"\/>\n\n<h3 align=\"justify\"><span style=\"font-size: 1em;\">Yearbook of the M\u00f3ra Ferenc Museum<\/span><\/h3>\n<p><a title=\"Yearbook of the M\u00f3ra Ferenc Museum - Historical studies- Studia Historica 12.\" href=\"http:\/\/moramuzeum.hu\/wp-content\/uploads\/2011\/08\/images_kiadvanyaink_torteneti-tanulmanyok-2b.jpg\" target=\"_blank\" rel=\"noopener\"><img loading=\"lazy\" decoding=\"async\" class=\"alignright\" alt=\"Yearbook of the M\u00f3ra Ferenc Museum - Historical studies- Studia Historica 12.\" src=\"http:\/\/moramuzeum.hu\/wp-content\/uploads\/2011\/08\/images_kiadvanyaink_torteneti-tanulmanyok-2n.jpg\" width=\"214\" height=\"294\" border=\"0\"><\/a><strong>Historical studies<\/strong><br \/>\n<strong> Studia Historica 12.<\/strong><\/p>\n<p>&nbsp;<\/p>\n<p>Editing Zombori Istv\u00e1n<br \/>\nThe publication of the volume was supported by the National Cultural Fund and the Foundation for Museum Science<br \/>\nPublished by the M\u00f3ra Ferenc Museum, Szeged 2009.<\/p>\n<h4><\/h4>\n<p>&nbsp;<\/p>\n<p>&nbsp;<\/p>\n<p>&nbsp;<\/p>\n<p>&nbsp;<\/p>\n<p>&nbsp;<\/p>\n<p><a title=\"Yearbook of the M\u00f3ra Ferenc Museum - Historical studies- Studia Historica 12.\" href=\"http:\/\/moramuzeum.hu\/wp-content\/uploads\/2011\/08\/images_kiadvanyaink_torteneti-tanulmanyok-3b.jpg\" target=\"_blank\" rel=\"noopener\"><img loading=\"lazy\" decoding=\"async\" alt=\"Yearbook of the M\u00f3ra Ferenc Museum - Historical studies- Studia Historica 12.\" src=\"http:\/\/moramuzeum.hu\/wp-content\/uploads\/2011\/08\/images_kiadvanyaink_torteneti-tanulmanyok-3n.jpg\" width=\"248\" height=\"351\" border=\"0\" hspace=\"2\" vspace=\"5\"><\/a><a title=\"Yearbook of the M\u00f3ra Ferenc Museum - Historical studies- Studia Historica 12.\" href=\"http:\/\/moramuzeum.hu\/wp-content\/uploads\/2011\/08\/images_kiadvanyaink_torteneti-tanulmanyok-4b.jpg\" target=\"_blank\" rel=\"noopener\"><img loading=\"lazy\" decoding=\"async\" alt=\"Yearbook of the M\u00f3ra Ferenc Museum - Historical studies- Studia Historica 12.\" src=\"http:\/\/moramuzeum.hu\/wp-content\/uploads\/2011\/08\/images_kiadvanyaink_torteneti-tanulmanyok-4n.jpg\" width=\"248\" height=\"351\" border=\"0\" hspace=\"2\" vspace=\"5\"><\/a><br \/>\n<hr class=\"no_line\" style=\"margin: 0 auto 0px auto\"\/>\n<\/p>\n<h3><span style=\"font-size: 1em;\">Natural science studies<\/span><\/h3>\n<h4><a href=\"http:\/\/moramuzeum.hu\/wp-content\/uploads\/2011\/08\/images_kiadvanyaink_studia-naturalia-b.jpg\"><img loading=\"lazy\" decoding=\"async\" alt=\"Natural science studies - Studia Naturalia\" src=\"http:\/\/moramuzeum.hu\/wp-content\/uploads\/2011\/08\/images_kiadvanyaink_studia-naturalia-n.jpg\" width=\"214\" height=\"300\" border=\"0\" hspace=\"10\"><\/a><a href=\"http:\/\/moramuzeum.hu\/wp-content\/uploads\/2011\/08\/images_kiadvanyaink_studia-naturalia-elolap-b.jpg\"><img loading=\"lazy\" decoding=\"async\" alt=\"Natural science studies - Studia Naturalia\" src=\"http:\/\/moramuzeum.hu\/wp-content\/uploads\/2011\/08\/images_kiadvanyaink_studia-naturalia-elolap-n.jpg\" width=\"203\" height=\"300\" border=\"0\" hspace=\"10\"><\/a><\/h4>\n<p>Technical editing, printing preparation:<br \/>\nVarga Andr\u00e1s<\/p>\n<p>Cover:<br \/>\n\u00d6lveczky G\u00e1bor<\/p>\n<p>The publication of the volume was supported by:<br \/>\nKiskuns\u00e1g National Park<br \/>\nNational Cultural Fund<\/p>\n<p>M\u00f3ra Ferenc Museum<br \/>\nmaintained by the Municipality of Csong\u00e1d County<\/p>\n<h4><strong>Summary<\/strong><\/h4>\n<p>The book publishes more than a decade of regular research. The fieldwork started in 1993, and its intensive phase lasted until the end of 1998. Since then, additional investigations have been carried out, especially with regard to the beetle fauna.<br \/>\nThe habitats (habitat complexes) proposed for protection in the southwestern edge of our county and the southeastern edge of B\u00e1cs-Kiskun county can be classified into two basic types, either chain habitats (which together form a separable biotope type) or unique natural values.<br \/>\nIn this work, we only mention the chain biotopes, we only discuss in more detail those unique natural values, the protection of which we consider absolutely necessary. They are:<\/p>\n<p><em>In the administrative area of \u200b\u200b\u00c1sotthalom<\/em><\/p>\n<ul>\n<li>S\u00fcveg-Magyari forest<\/li>\n<li>\u00c1tokh\u00e1zi peat mine<\/li>\n<li>R\u00edv\u00f3 (forest and swamp)<\/li>\n<li>Bilisics (willow bog and pond residue)<\/li>\n<\/ul>\n<p><em>in the administrative area of \u200b\u200bKelebia<\/em><\/p>\n<ul>\n<li>Kelebiai fishlake (and the adjoining Kelebiai pasture)<\/li>\n<li>B\u00e1csboristai meadow (on the border of \u00c1sotthalom and Kelebia)<\/li>\n<\/ul>\n<p><em>In the administrative area of \u200b\u200bM\u00f3rahalom<\/em><\/p>\n<ul>\n<li>Tanaszi swamp<\/li>\n<li>Madar\u00e1sz-lake<\/li>\n<li>Nagysz\u00e9ks\u00f3s-lake<\/li>\n<\/ul>\n<p><em>In the administrative area of \u200b\u200b\u00d6tt\u00f6m\u00f6s<\/em><\/p>\n<ul>\n<li>Baromj\u00e1r\u00e1s<\/li>\n<\/ul>\n<p>For the sake of completeness, we also outline the following areas:<\/p>\n<p><em>In the administrative area of \u200b\u200b\u00c1sotthalom<\/em><\/p>\n<ul>\n<li>Kiss Ferenc Memorial Forest<\/li>\n<li>Bog meadow of \u00c1sotthalom TT<\/li>\n<li>Bog\u00e1rz\u00f3<\/li>\n<\/ul>\n<p><em>In the administrative area of \u200b\u200bM\u00f3rahalom<\/em><br \/>\nCsipak-swamp<\/p>\n<p>When characterizing the areas we propose for protection, we processed the data according to uniform criteria. This does not mean uniformity, we just wanted to facilitate transparency.<br \/>\nThe preservation of the natural values \u200b\u200bof the K\u0151r\u00f6s-\u00e9r becomes understandable when we learn about the vegetation history of the landscape unit. To some extent, this includes drainage, afforestation and various forms of agricultural utilization. After taking stock of the area&#8217;s main natural and near-natural habitat types, we tried to outline the ecological landscape utilization of the area. Since the room for maneuver dictated by the interests is extremely narrow, we hope that we have not strayed into the realm of utopia with our suggestions for improvement.<br \/>\nWe interpreted the concept of natural value quite broadly. We talk about the natural values \u200b\u200bof planted forests as well as habitats preserved in a natural or near-natural state. A separate chapter deals with the flora and fauna of the region. Their main ideas:<\/p>\n<p><em>About the flora of the area:<\/em><\/p>\n<p>About &#8220;Csodar\u00e9tekr\u0151l&#8221; located in the wider area of \u200b\u200bthe K\u00f6r\u00f6s<br \/>\nMore details about the protected and protected plants of the area<\/p>\n<p><em>About the fauna of the area:<\/em><\/p>\n<ul>\n<li>Some zoogeographical trends in the shape circles of the genus Carabus<br \/>\nand based on the distribution of its subspecies<\/li>\n<li>Beetles associated with the area&#8217;s lawns and woody associations (Coleoptera,<br \/>\nCerambycidae)<\/li>\n<li>It is considered a faunal rarity or is highly endangered<br \/>\nbbeetles (Coleoptera)<\/li>\n<li>Pisces (Pisces)<\/li>\n<li>Amphibians (Amphibia)<\/li>\n<li>Reptiles (Reptilia)<\/li>\n<li>Birds (Aves)<\/li>\n<li>Mammals (Mammalia)<\/li>\n<\/ul>\n<p>The appendix contains some related subtopics that require a more detailed explanation, such as area descriptions, a summary of protected plants and animals, and a fauna list of the birds in the area.<\/p>\n<hr class=\"no_line\" style=\"margin: 0 auto 0px auto\"\/>\n\n<h3>Fodor Ferenc:<br \/>\nPeasant farming in the southeastern part of the sand ridge between the Danube and Tisza in the 20th century.<\/h3>\n<h3><a href=\"http:\/\/moramuzeum.hu\/wp-content\/uploads\/2011\/08\/images_kiadvanyaink_fodor-ferenc-elolap-b.jpg\"><img loading=\"lazy\" decoding=\"async\" alt=\"Ferenc Fodor - Peasant management of the southeastern part of the sand ridge between the Danube and Tisza in the 20th century\" src=\"http:\/\/moramuzeum.hu\/wp-content\/uploads\/2011\/08\/images_kiadvanyaink_fodor-ferenc-elolap-n.jpg\" width=\"248\" height=\"349\" border=\"0\" hspace=\"5\"><\/a><a href=\"http:\/\/moramuzeum.hu\/wp-content\/uploads\/2011\/08\/images_kiadvanyaink_fodor-ferenc-hatlap-b.jpg\"><img loading=\"lazy\" decoding=\"async\" alt=\"Ferenc Fodor - Peasant management of the southeastern part of the sand ridge between the Danube and Tisza in the 20th century\" src=\"http:\/\/moramuzeum.hu\/wp-content\/uploads\/2011\/08\/images_kiadvanyaink_fodor-ferenc-hatlap-n.jpg\" width=\"247\" height=\"349\" border=\"0\"><\/a><\/h3>\n<p>In his book, Ferenc Fodor, an ethnographic researcher-museologist at the Ferenc M\u00f3ra Museum in Szeged, in his book, in addition to his detailed analysis of the farming conditions of a region in the Csongr\u00e1d and B\u00e1cs-Kiskun counties, which includes 31 settlements, uses statistics and census data as sources. The abundant and basic literature on the examined area and topic, mainly ethnographic and historical literature, the local press, as well as archival and museum database documents and documents and images from family collections. The backbone of the description and analysis is provided by the results of Ferenc Fodor&#8217;s own field work, carried out for more than two decades, and these are supported by the rich photographic material shown in the volume, selected from the author&#8217;s own recordings &#8211; writes Dr. Andr\u00e1s Simon is an ethnographer. In this way, the introductory lines essentially shed light on the book&#8217;s content. It should also be added that the published material was written by Ferenc Fodor in 2006. in December, the book version of the PhD dissertation defended in the framework of the European Ethnology doctoral program of E\u00f6tv\u00f6s Lor\u00e1nd University.<\/p>\n<p>It was published with the support of NKA and OTKA<br \/>\nSzeged 2008. Juh\u00e1sz Nyomda Kft., 214 p.<br \/>\nProofread by: Mikl\u00f3s Szil\u00e1gyi<\/p>\n<hr class=\"no_line\" style=\"margin: 0 auto 0px auto\"\/>\n\n<h3> <span style=\"font-size: 1em;\">Yearbook of the M\u00f3ra Ferenc Muzeum<\/span><\/h3>\n<h4><b><i>Historical studies 10.<\/i><\/b><\/h4>\n<p><a href=\"http:\/\/moramuzeum.hu\/wp-content\/uploads\/2011\/08\/images_kiadvanyaink_torteneti-tanulmanyok-b.jpg\"><img loading=\"lazy\" decoding=\"async\" class=\"alignright\" alt=\"Yearbook of the M\u00f3ra Ferenc Muzeum: Historical studies - Studia Historica - 10.\" src=\"http:\/\/moramuzeum.hu\/wp-content\/uploads\/2011\/08\/images_kiadvanyaink_torteneti-tanulmanyok-n.jpg\" width=\"141\" height=\"200\" border=\"0\"><\/a>The 10th book of Historical Studies &#8211; Studia Historica &#8211; was published in the series of the M\u00f3ra Ferenc Museum Yearbook, in a separate volume. The publication, dated at the end of 2007, offers rich content to those interested, primarily to the professional audience, domestic and foreign practitioners of the field of science. This latter endeavor is served by the summary of content in English. The publication, which is also demanding in its appearance, included fourteen studies, and the radio collection of the M\u00f3ra Ferenc Museum, as well as the 56 collection, received a focused and perceptive presentation in the book. Photo appendices from both collections illustrate the material: photographs of radio sets and recordings from the 1956 era. It includes the list of museum publications published during the publishing activities of the History Department, as well as the 2002-2007 publications of the History Department&#8217;s staff. September 30. The book also lists his publications published between A useful summary is the list of permanent and temporary exhibitions organized in the Fekete h\u00e1z (Black house), including a list of the exhibitions of the History Department, which was established in 1978, in the museum framework and at external locations from the beginning to the present day.<\/p>\n<p>The studies in the volume: \u00c1goston J\u00f3zsef Bogoly: Omnis lectio est selectio. Histography of J\u00f3zsef E\u00f6tv\u00f6s&#8217; letters to Charles de Montalembert (Part I); Zolt\u00e1n Nagygy\u00f6rgy: Benj\u00e1min K\u00e1r\u00e1sz &#8211; the patriot; Imre Orb\u00e1n: The history of the Roman Catholic community in Kiszombor; G\u00e9za Forg\u00f3: The functioning of the J\u00f3kai M\u00f3r committee in Mak\u00f3; Attila Marosv\u00e1ri: Changes in land ownership and the situation of large agricultural farms in Kiszombor between 1890 and 1990; J\u00f3zsef Sipos: The formation and program of the National Mining Party; P\u00e9ter Mikl\u00f3s: The pater and the newspaper. The beginnings of Istv\u00e1n Balogh&#8217;s political career and the D\u00e9lmagyarorsz\u00e1g; L\u00e1szl\u00f3 Marjanucz: Social groups of the bourgeoisie in Mak\u00f3 between the two world wars; Gy\u00f6rgy Bal\u00e1zs: &#8220;Strange war&#8221; in the West. By publishing articles from the world&#8217;s press in Hungarian newspapers; Andr\u00e1s Lengyel: &#8220;gleichschaltol\u00e1sa&#8221; of the Folklore of Szeged (1948); G\u00e1bor Vincze: A Reformed pastor from H\u00f3dmez\u0151v\u00e1s\u00e1rhely who &#8220;couldn&#8217;t show the obedience he needed&#8221;. The case of Lajos V\u00e1s\u00e1rhelyi 1946-1958; Bal\u00e1zs F\u00fcreder: Szeged food names in Hungarian gastronomy. Catch that further enhances the city&#8217;s reputation; R\u00f3bert Ujsz\u00e1szi: V. L\u00e1szl\u00f3 denar with unknown mint mark; M\u00e1rta T. Knotik: Iron merchandise singboard. Museum and collections chapter: Ir\u00e9n F\u00e1ri &#8211; L\u00e1szl\u00f3 P\u00e1l: The radio collection of the Ferenc M\u00f3ra Museum in Szeged. The past and present of radio broadcasting in Szeged; Istv\u00e1n Zombori: The 1956 collection of the M\u00f3ra Ferenc Museum.<\/p>\n<\/div>\n","protected":false},"excerpt":{"rendered":"<p>Yearbook of the M\u00f3ra Ferenc Museum Ethnographic studies &#8211; Studia Etnographica 7. Yearbook of the M\u00f3ra Ferenc Museum Historical studies &#8211; Studia Historica 13. Yearbook of<span class=\"excerpt-hellip\"> [\u2026]<\/span><\/p>\n","protected":false},"author":3,"featured_media":0,"parent":96648,"menu_order":4,"comment_status":"closed","ping_status":"closed","template":"","meta":{"_price":"","_stock":"","_tribe_ticket_header":"","_tribe_default_ticket_provider":"","_tribe_ticket_capacity":"0","_ticket_start_date":"","_ticket_end_date":"","_tribe_ticket_show_description":"","_tribe_ticket_show_not_going":false,"_tribe_ticket_use_global_stock":"","_tribe_ticket_global_stock_level":"","_global_stock_mode":"","_global_stock_cap":"","_tribe_rsvp_for_event":"","_tribe_ticket_going_count":"","_tribe_ticket_not_going_count":"","_tribe_tickets_list":"[]","_tribe_ticket_has_attendee_info_fields":false,"footnotes":"","_tec_slr_enabled":"","_tec_slr_layout":""},"class_list":["post-96672","page","type-page","status-publish","hentry"],"ticketed":false,"_links":{"self":[{"href":"https:\/\/moramuzeum.hu\/en\/wp-json\/wp\/v2\/pages\/96672","targetHints":{"allow":["GET"]}}],"collection":[{"href":"https:\/\/moramuzeum.hu\/en\/wp-json\/wp\/v2\/pages"}],"about":[{"href":"https:\/\/moramuzeum.hu\/en\/wp-json\/wp\/v2\/types\/page"}],"author":[{"embeddable":true,"href":"https:\/\/moramuzeum.hu\/en\/wp-json\/wp\/v2\/users\/3"}],"replies":[{"embeddable":true,"href":"https:\/\/moramuzeum.hu\/en\/wp-json\/wp\/v2\/comments?post=96672"}],"version-history":[{"count":1,"href":"https:\/\/moramuzeum.hu\/en\/wp-json\/wp\/v2\/pages\/96672\/revisions"}],"predecessor-version":[{"id":97574,"href":"https:\/\/moramuzeum.hu\/en\/wp-json\/wp\/v2\/pages\/96672\/revisions\/97574"}],"up":[{"embeddable":true,"href":"https:\/\/moramuzeum.hu\/en\/wp-json\/wp\/v2\/pages\/96648"}],"wp:attachment":[{"href":"https:\/\/moramuzeum.hu\/en\/wp-json\/wp\/v2\/media?parent=96672"}],"curies":[{"name":"wp","href":"https:\/\/api.w.org\/{rel}","templated":true}]}}