{"id":96696,"date":"2014-08-25T14:37:01","date_gmt":"2014-08-25T12:37:01","guid":{"rendered":"https:\/\/moramuzeum.hu\/services\/library\/read-online-with-us\/"},"modified":"2023-12-01T17:37:52","modified_gmt":"2023-12-01T16:37:52","slug":"read-online-with-us","status":"publish","type":"page","link":"https:\/\/moramuzeum.hu\/en\/services\/library\/read-online-with-us\/","title":{"rendered":"Read online with us!"},"content":{"rendered":"<p>We commemorate the 135th anniversary of the writer&#8217;s birth with Ferenc M\u00f3ra&#8217;s novel Filk\u00f3 meg \u00e9n (Budapest, Singer \u00e9s Wolfner, 1915). and for the 80th anniversary of his death, the centenary of the Great War.<\/p>\n<div class=\"button_align align_left\"><a class=\"button  button_size_small\" href=\"http:\/\/moramuzeum.hu\/wp-content\/uploads\/2014\/08\/M\u00f3ra-F.-Filk\u00f3-meg-\u00e9n_jav.pdf\"         title=\"\"><span class=\"button_label\">Download novel<\/span><\/a><\/div>\n\n<hr class=\"no_line\" style=\"margin: 0 auto 0px auto\"\/>\n\n<p>&nbsp;<\/p>\n<p>&nbsp;<\/p>\n","protected":false},"excerpt":{"rendered":"<p>We commemorate the 135th anniversary of the writer&#8217;s birth with Ferenc M\u00f3ra&#8217;s novel Filk\u00f3 meg \u00e9n (Budapest, Singer \u00e9s Wolfner, 1915). and for the 80th anniversary<span class=\"excerpt-hellip\"> [\u2026]<\/span><\/p>\n","protected":false},"author":3,"featured_media":0,"parent":96648,"menu_order":10,"comment_status":"closed","ping_status":"closed","template":"","meta":{"_price":"","_stock":"","_tribe_ticket_header":"","_tribe_default_ticket_provider":"","_tribe_ticket_capacity":"0","_ticket_start_date":"","_ticket_end_date":"","_tribe_ticket_show_description":"","_tribe_ticket_show_not_going":false,"_tribe_ticket_use_global_stock":"","_tribe_ticket_global_stock_level":"","_global_stock_mode":"","_global_stock_cap":"","_tribe_rsvp_for_event":"","_tribe_ticket_going_count":"","_tribe_ticket_not_going_count":"","_tribe_tickets_list":"[]","_tribe_ticket_has_attendee_info_fields":false,"footnotes":"","_tec_slr_enabled":"","_tec_slr_layout":""},"class_list":["post-96696","page","type-page","status-publish","hentry"],"ticketed":false,"_links":{"self":[{"href":"https:\/\/moramuzeum.hu\/en\/wp-json\/wp\/v2\/pages\/96696","targetHints":{"allow":["GET"]}}],"collection":[{"href":"https:\/\/moramuzeum.hu\/en\/wp-json\/wp\/v2\/pages"}],"about":[{"href":"https:\/\/moramuzeum.hu\/en\/wp-json\/wp\/v2\/types\/page"}],"author":[{"embeddable":true,"href":"https:\/\/moramuzeum.hu\/en\/wp-json\/wp\/v2\/users\/3"}],"replies":[{"embeddable":true,"href":"https:\/\/moramuzeum.hu\/en\/wp-json\/wp\/v2\/comments?post=96696"}],"version-history":[{"count":2,"href":"https:\/\/moramuzeum.hu\/en\/wp-json\/wp\/v2\/pages\/96696\/revisions"}],"predecessor-version":[{"id":96702,"href":"https:\/\/moramuzeum.hu\/en\/wp-json\/wp\/v2\/pages\/96696\/revisions\/96702"}],"up":[{"embeddable":true,"href":"https:\/\/moramuzeum.hu\/en\/wp-json\/wp\/v2\/pages\/96648"}],"wp:attachment":[{"href":"https:\/\/moramuzeum.hu\/en\/wp-json\/wp\/v2\/media?parent=96696"}],"curies":[{"name":"wp","href":"https:\/\/api.w.org\/{rel}","templated":true}]}}